{"id":1367,"date":"2016-09-27T13:56:08","date_gmt":"2016-09-27T13:56:08","guid":{"rendered":"http:\/\/encotech.es\/index.php\/productes"},"modified":"2017-05-19T09:36:27","modified_gmt":"2017-05-19T07:36:27","slug":"productes","status":"publish","type":"page","link":"https:\/\/encotech.es\/index.php\/productes?lang=ca","title":{"rendered":"Productes"},"content":{"rendered":"<p>[et_pb_section admin_label=\u00bbsection\u00bb][et_pb_row admin_label=\u00bbFila\u00bb][et_pb_column type=\u00bb4_4&#8243;][et_pb_post_title admin_label=\u00bbT\u00edtulo de publicaci\u00f3n\u00bb title=\u00bbon\u00bb meta=\u00bboff\u00bb author=\u00bbon\u00bb date=\u00bbon\u00bb categories=\u00bbon\u00bb comments=\u00bbon\u00bb featured_image=\u00bbon\u00bb featured_placement=\u00bbbelow\u00bb parallax_effect=\u00bbon\u00bb parallax_method=\u00bbon\u00bb text_orientation=\u00bbleft\u00bb text_color=\u00bbdark\u00bb text_background=\u00bboff\u00bb text_bg_color=\u00bbrgba(255,255,255,0.9)\u00bb module_bg_color=\u00bbrgba(255,255,255,0)\u00bb title_all_caps=\u00bbon\u00bb use_border_color=\u00bboff\u00bb border_color=\u00bb#ffffff\u00bb border_style=\u00bbsolid\u00bb title_font_size=\u00bb34px\u00bb title_line_height=\u00bb1.2em\u00bb custom_margin=\u00bb60px|||\u00bb] [\/et_pb_post_title][\/et_pb_column][\/et_pb_row][et_pb_row admin_label=\u00bbFila\u00bb make_fullwidth=\u00bboff\u00bb use_custom_width=\u00bboff\u00bb width_unit=\u00bbon\u00bb use_custom_gutter=\u00bboff\u00bb custom_padding=\u00bb40px|||\u00bb padding_mobile=\u00bboff\u00bb allow_player_pause=\u00bboff\u00bb parallax=\u00bboff\u00bb parallax_method=\u00bboff\u00bb make_equal=\u00bboff\u00bb parallax_1=\u00bboff\u00bb parallax_method_1=\u00bboff\u00bb parallax_2=\u00bboff\u00bb parallax_method_2=\u00bboff\u00bb parallax_3=\u00bboff\u00bb parallax_method_3=\u00bboff\u00bb parallax_4=\u00bboff\u00bb parallax_method_4=\u00bboff\u00bb column_padding_mobile=\u00bbon\u00bb][et_pb_column type=\u00bb1_4&#8243;][et_pb_image admin_label=\u00bbImagen\u00bb src=\u00bbhttps:\/\/encotech.es\/wp-content\/uploads\/2016\/09\/encotech-encoders.jpg\u00bb title_text=\u00bbENCODERS\u00bb show_in_lightbox=\u00bboff\u00bb url_new_window=\u00bbon\u00bb use_overlay=\u00bbon\u00bb animation=\u00bbleft\u00bb sticky=\u00bboff\u00bb align=\u00bbleft\u00bb force_fullwidth=\u00bbon\u00bb always_center_on_mobile=\u00bbon\u00bb use_border_color=\u00bbon\u00bb border_color=\u00bb#dddddd\u00bb border_style=\u00bbsolid\u00bb alt=\u00bbENCODERS\u00bb url=\u00bbhttp:\/\/www.hohnerespana.com\/productes-hohnerespana\/encoders-incrementals?lang=ca\u00bb hover_overlay_color=\u00bbrgba(255,255,255,0.45)\u00bb] [\/et_pb_image][et_pb_text admin_label=\u00bbTexto\u00bb background_layout=\u00bblight\u00bb text_orientation=\u00bbleft\u00bb use_border_color=\u00bboff\u00bb border_color=\u00bb#ffffff\u00bb border_style=\u00bbsolid\u00bb]<\/p>\n<h6>ENCODERS<\/h6>\n<p>[\/et_pb_text][\/et_pb_column][et_pb_column type=\u00bb1_4&#8243;][et_pb_image admin_label=\u00bbImagen\u00bb src=\u00bbhttps:\/\/encotech.es\/wp-content\/uploads\/2016\/09\/encotech-medida-lineal.jpg\u00bb title_text=\u00bbENCODERS\u00bb show_in_lightbox=\u00bboff\u00bb url_new_window=\u00bbon\u00bb use_overlay=\u00bbon\u00bb animation=\u00bbleft\u00bb sticky=\u00bboff\u00bb align=\u00bbleft\u00bb force_fullwidth=\u00bboff\u00bb always_center_on_mobile=\u00bbon\u00bb use_border_color=\u00bbon\u00bb border_color=\u00bb#dddddd\u00bb border_style=\u00bbsolid\u00bb url=\u00bbhttp:\/\/www.hohnerespana.com\/productes-hohnerespana\/mesura-lineal?lang=ca\u00bb hover_overlay_color=\u00bbrgba(255,255,255,0.45)\u00bb] [\/et_pb_image][et_pb_text admin_label=\u00bbTexto\u00bb background_layout=\u00bblight\u00bb text_orientation=\u00bbleft\u00bb use_border_color=\u00bboff\u00bb border_color=\u00bb#ffffff\u00bb border_style=\u00bbsolid\u00bb]<\/p>\n<h6>MESURA LINEAL<\/h6>\n<p>[\/et_pb_text][\/et_pb_column][et_pb_column type=\u00bb1_4&#8243;][et_pb_image admin_label=\u00bbImagen\u00bb src=\u00bbhttps:\/\/encotech.es\/wp-content\/uploads\/2016\/09\/encotech-instrumentacion.jpg\u00bb title_text=\u00bbENCODERS\u00bb show_in_lightbox=\u00bboff\u00bb url_new_window=\u00bbon\u00bb use_overlay=\u00bbon\u00bb animation=\u00bbleft\u00bb sticky=\u00bboff\u00bb align=\u00bbleft\u00bb force_fullwidth=\u00bboff\u00bb always_center_on_mobile=\u00bbon\u00bb use_border_color=\u00bbon\u00bb border_color=\u00bb#dddddd\u00bb border_style=\u00bbsolid\u00bb url=\u00bbhttp:\/\/www.hohnerespana.com\/productes-hohnerespana\/electroniques\/instrumentacio?lang=ca\u00bb hover_overlay_color=\u00bbrgba(255,255,255,0.45)\u00bb] [\/et_pb_image][et_pb_text admin_label=\u00bbTexto\u00bb background_layout=\u00bblight\u00bb text_orientation=\u00bbleft\u00bb use_border_color=\u00bboff\u00bb border_color=\u00bb#ffffff\u00bb border_style=\u00bbsolid\u00bb]<\/p>\n<h6>INSTRUMENTACI\u00d3<\/h6>\n<p>[\/et_pb_text][\/et_pb_column][et_pb_column type=\u00bb1_4&#8243;][et_pb_image admin_label=\u00bbImagen\u00bb src=\u00bbhttps:\/\/encotech.es\/wp-content\/uploads\/2016\/09\/encotech-accesorios-encoder.jpg\u00bb title_text=\u00bbENCODERS\u00bb show_in_lightbox=\u00bboff\u00bb url_new_window=\u00bbon\u00bb use_overlay=\u00bbon\u00bb animation=\u00bbleft\u00bb sticky=\u00bboff\u00bb align=\u00bbleft\u00bb force_fullwidth=\u00bbon\u00bb always_center_on_mobile=\u00bbon\u00bb use_border_color=\u00bbon\u00bb border_color=\u00bb#ddd\u00bb border_style=\u00bbsolid\u00bb url=\u00bbhttp:\/\/www.hohnerespana.com\/productes-hohnerespana\/accesoris?lang=ca\u00bb hover_overlay_color=\u00bbrgba(255,255,255,0.45)\u00bb] [\/et_pb_image][et_pb_text admin_label=\u00bbTexto\u00bb background_layout=\u00bblight\u00bb text_orientation=\u00bbleft\u00bb use_border_color=\u00bboff\u00bb border_color=\u00bb#ffffff\u00bb border_style=\u00bbsolid\u00bb]<\/p>\n<h6>ACCESSORIS ENCODER<\/h6>\n<p>[\/et_pb_text][\/et_pb_column][\/et_pb_row][\/et_pb_section][et_pb_section admin_label=\u00bbSecci\u00f3n\u00bb fullwidth=\u00bboff\u00bb specialty=\u00bboff\u00bb][et_pb_row admin_label=\u00bbFila\u00bb make_fullwidth=\u00bboff\u00bb use_custom_width=\u00bboff\u00bb width_unit=\u00bbon\u00bb use_custom_gutter=\u00bboff\u00bb custom_padding=\u00bb40px|||\u00bb padding_mobile=\u00bboff\u00bb allow_player_pause=\u00bboff\u00bb parallax=\u00bboff\u00bb parallax_method=\u00bboff\u00bb make_equal=\u00bboff\u00bb parallax_1=\u00bboff\u00bb parallax_method_1=\u00bboff\u00bb parallax_2=\u00bboff\u00bb parallax_method_2=\u00bboff\u00bb parallax_3=\u00bboff\u00bb parallax_method_3=\u00bboff\u00bb parallax_4=\u00bboff\u00bb parallax_method_4=\u00bboff\u00bb column_padding_mobile=\u00bbon\u00bb][et_pb_column type=\u00bb1_4&#8243;][et_pb_image admin_label=\u00bbImagen\u00bb src=\u00bbhttps:\/\/encotech.es\/wp-content\/uploads\/2016\/09\/ecnotech-fuentes-alimentacion.jpg\u00bb title_text=\u00bbFuentes alimentaci\u00f3n\u00bb show_in_lightbox=\u00bboff\u00bb url_new_window=\u00bbon\u00bb use_overlay=\u00bbon\u00bb animation=\u00bbleft\u00bb sticky=\u00bboff\u00bb align=\u00bbleft\u00bb force_fullwidth=\u00bboff\u00bb always_center_on_mobile=\u00bbon\u00bb use_border_color=\u00bbon\u00bb border_color=\u00bb#dddddd\u00bb border_style=\u00bbsolid\u00bb url=\u00bbhttp:\/\/adelsystem.es\/tots-els-productes\/fonts-dalimentacio\/?lang=ca\u00bb hover_overlay_color=\u00bbrgba(255,255,255,0.45)\u00bb] [\/et_pb_image][et_pb_text admin_label=\u00bbTexto\u00bb background_layout=\u00bblight\u00bb text_orientation=\u00bbleft\u00bb use_border_color=\u00bboff\u00bb border_color=\u00bb#ffffff\u00bb border_style=\u00bbsolid\u00bb]<\/p>\n<h6><a href=\"https:\/\/encotech.es\/webnova_adelsystem\/index.php\/productos-adelsystem\/fuentes-de-alimentacion\/\" target=\"_blank\">FONTS D&#8217;ALIMENTACI\u00d3<\/a><\/h6>\n<p>[\/et_pb_text][\/et_pb_column][et_pb_column type=\u00bb1_4&#8243;][et_pb_image admin_label=\u00bbImagen\u00bb src=\u00bbhttps:\/\/encotech.es\/wp-content\/uploads\/2016\/09\/encotech-ups-continua.jpg\u00bb title_text=\u00bbUps continua\u00bb show_in_lightbox=\u00bboff\u00bb url_new_window=\u00bbon\u00bb use_overlay=\u00bbon\u00bb animation=\u00bbleft\u00bb sticky=\u00bboff\u00bb align=\u00bbleft\u00bb force_fullwidth=\u00bboff\u00bb always_center_on_mobile=\u00bbon\u00bb use_border_color=\u00bbon\u00bb border_color=\u00bb#dddddd\u00bb border_style=\u00bbsolid\u00bb url=\u00bbhttp:\/\/adelsystem.es\/tots-els-productes\/ups-dc\/?lang=ca\u00bb hover_overlay_color=\u00bbrgba(255,255,255,0.45)\u00bb] [\/et_pb_image][et_pb_text admin_label=\u00bbTexto\u00bb background_layout=\u00bblight\u00bb text_orientation=\u00bbleft\u00bb use_border_color=\u00bboff\u00bb border_color=\u00bb#ffffff\u00bb border_style=\u00bbsolid\u00bb]<\/p>\n<h6>UPS CONT\u00ccNUA<\/h6>\n<p>[\/et_pb_text][\/et_pb_column][et_pb_column type=\u00bb1_4&#8243;][et_pb_image admin_label=\u00bbImagen\u00bb src=\u00bbhttps:\/\/encotech.es\/wp-content\/uploads\/2016\/09\/encotech-cargadores-bateria.jpg\u00bb title_text=\u00bbCargadores de bater\u00eda\u00bb show_in_lightbox=\u00bboff\u00bb url_new_window=\u00bbon\u00bb use_overlay=\u00bbon\u00bb animation=\u00bbleft\u00bb sticky=\u00bboff\u00bb align=\u00bbleft\u00bb force_fullwidth=\u00bbon\u00bb always_center_on_mobile=\u00bbon\u00bb use_border_color=\u00bbon\u00bb border_color=\u00bb#ddd\u00bb border_style=\u00bbsolid\u00bb url=\u00bbhttp:\/\/adelsystem.es\/tots-els-productes\/cargadores-de-bateria\/?lang=ca\u00bb hover_overlay_color=\u00bbrgba(255,255,255,0.53)\u00bb] [\/et_pb_image][et_pb_text admin_label=\u00bbTexto\u00bb background_layout=\u00bblight\u00bb text_orientation=\u00bbleft\u00bb use_border_color=\u00bboff\u00bb border_color=\u00bb#ffffff\u00bb border_style=\u00bbsolid\u00bb text_line_height=\u00bb2.2em\u00bb]<\/p>\n<h6><a href=\"https:\/\/encotech.es\/webnova_adelsystem\/index.php\/productos-adelsystem\/cargadores-de-bateria\/\" target=\"_blank\">CARREGADORS DE BATERIA<\/a><\/h6>\n<p>[\/et_pb_text][\/et_pb_column][et_pb_column type=\u00bb1_4&#8243;][et_pb_image admin_label=\u00bbImagen\u00bb src=\u00bbhttps:\/\/encotech.es\/wp-content\/uploads\/2016\/09\/convertidores-ac-dc_dc-dc.jpg\u00bb title_text=\u00bbconvertidores\u00bb show_in_lightbox=\u00bboff\u00bb url_new_window=\u00bbon\u00bb use_overlay=\u00bbon\u00bb animation=\u00bbleft\u00bb sticky=\u00bboff\u00bb align=\u00bbleft\u00bb force_fullwidth=\u00bbon\u00bb always_center_on_mobile=\u00bbon\u00bb use_border_color=\u00bbon\u00bb border_color=\u00bb#dddddd\u00bb border_style=\u00bbsolid\u00bb url=\u00bbhttp:\/\/adelsystem.es\/tots-els-productes\/fonts-dalimentacio\/convertidors\/?lang=ca\u00bb hover_overlay_color=\u00bbrgba(255,255,255,0.44)\u00bb] [\/et_pb_image][et_pb_text admin_label=\u00bbTexto\u00bb background_layout=\u00bblight\u00bb text_orientation=\u00bbleft\u00bb use_border_color=\u00bboff\u00bb border_color=\u00bb#ffffff\u00bb border_style=\u00bbsolid\u00bb disabled=\u00bboff\u00bb disabled_on=\u00bboff|off|off\u00bb]<\/p>\n<h6>CONVERTIDORS AC\/DC DC\/DC<\/h6>\n<p>[\/et_pb_text][\/et_pb_column][\/et_pb_row][et_pb_row admin_label=\u00bbFila\u00bb make_fullwidth=\u00bboff\u00bb use_custom_width=\u00bboff\u00bb width_unit=\u00bbon\u00bb use_custom_gutter=\u00bboff\u00bb custom_padding=\u00bb40px||60px|\u00bb padding_mobile=\u00bboff\u00bb allow_player_pause=\u00bboff\u00bb parallax=\u00bboff\u00bb parallax_method=\u00bboff\u00bb make_equal=\u00bboff\u00bb parallax_1=\u00bboff\u00bb parallax_method_1=\u00bboff\u00bb parallax_2=\u00bboff\u00bb parallax_method_2=\u00bboff\u00bb parallax_3=\u00bboff\u00bb parallax_method_3=\u00bboff\u00bb parallax_4=\u00bboff\u00bb parallax_method_4=\u00bboff\u00bb column_padding_mobile=\u00bbon\u00bb][et_pb_column type=\u00bb1_4&#8243;][et_pb_image admin_label=\u00bbImagen\u00bb src=\u00bbhttps:\/\/encotech.es\/wp-content\/uploads\/2016\/09\/encotech-pasacables-membrana.jpg\u00bb title_text=\u00bbPasacables Membrana\u00bb show_in_lightbox=\u00bboff\u00bb url_new_window=\u00bbon\u00bb use_overlay=\u00bbon\u00bb animation=\u00bbleft\u00bb sticky=\u00bboff\u00bb align=\u00bbleft\u00bb force_fullwidth=\u00bboff\u00bb always_center_on_mobile=\u00bbon\u00bb use_border_color=\u00bbon\u00bb border_color=\u00bb#dddddd\u00bb border_style=\u00bbsolid\u00bb url=\u00bbhttp:\/\/icotek.cat\/productos-icotek\/cable-entry-system\/sistemas-sin-conectorizar?lang=ca\u00bb hover_overlay_color=\u00bbrgba(255,255,255,0.45)\u00bb] [\/et_pb_image][et_pb_text admin_label=\u00bbTexto\u00bb background_layout=\u00bblight\u00bb text_orientation=\u00bbleft\u00bb use_border_color=\u00bboff\u00bb border_color=\u00bb#ffffff\u00bb border_style=\u00bbsolid\u00bb]<\/p>\n<h6>PASSACABLES DE MEMBRANA<\/h6>\n<p>[\/et_pb_text][\/et_pb_column][et_pb_column type=\u00bb1_4&#8243;][et_pb_image admin_label=\u00bbImagen\u00bb src=\u00bbhttps:\/\/encotech.es\/wp-content\/uploads\/2016\/09\/encotech-pasacables-atex.jpg\u00bb title_text=\u00bbUps continua\u00bb show_in_lightbox=\u00bboff\u00bb url_new_window=\u00bbon\u00bb use_overlay=\u00bbon\u00bb animation=\u00bbleft\u00bb sticky=\u00bboff\u00bb align=\u00bbleft\u00bb force_fullwidth=\u00bboff\u00bb always_center_on_mobile=\u00bbon\u00bb use_border_color=\u00bbon\u00bb border_color=\u00bb#dddddd\u00bb border_style=\u00bbsolid\u00bb url=\u00bbhttp:\/\/icotek.cat\/productos-icotek\/cable-entry-system\/atex?lang=ca\u00bb hover_overlay_color=\u00bbrgba(255,255,255,0.45)\u00bb] [\/et_pb_image][et_pb_text admin_label=\u00bbTexto\u00bb background_layout=\u00bblight\u00bb text_orientation=\u00bbleft\u00bb use_border_color=\u00bboff\u00bb border_color=\u00bb#ffffff\u00bb border_style=\u00bbsolid\u00bb]<\/p>\n<h6>PASSACABLES ATEX<\/h6>\n<p>[\/et_pb_text][\/et_pb_column][et_pb_column type=\u00bb1_4&#8243;][et_pb_image admin_label=\u00bbImagen\u00bb src=\u00bbhttps:\/\/encotech.es\/wp-content\/uploads\/2016\/09\/ecnotech-apantallamiento-emc.jpg\u00bb title_text=\u00bbApantallamiento EMC\u00bb show_in_lightbox=\u00bboff\u00bb url_new_window=\u00bbon\u00bb use_overlay=\u00bbon\u00bb animation=\u00bbleft\u00bb sticky=\u00bboff\u00bb align=\u00bbleft\u00bb force_fullwidth=\u00bboff\u00bb always_center_on_mobile=\u00bbon\u00bb use_border_color=\u00bbon\u00bb border_color=\u00bb#dddddd\u00bb border_style=\u00bbsolid\u00bb url=\u00bbhttp:\/\/icotek.cat\/productos-icotek\/cable-entry-system\/emc?lang=ca\u00bb hover_overlay_color=\u00bbrgba(255,255,255,0.45)\u00bb] [\/et_pb_image][et_pb_text admin_label=\u00bbTexto\u00bb background_layout=\u00bblight\u00bb text_orientation=\u00bbleft\u00bb use_border_color=\u00bboff\u00bb border_color=\u00bb#ffffff\u00bb border_style=\u00bbsolid\u00bb text_line_height=\u00bb2.2em\u00bb]<\/p>\n<h6>APANTALLAMENT EMC<\/h6>\n<p>[\/et_pb_text][\/et_pb_column][et_pb_column type=\u00bb1_4&#8243;][et_pb_image admin_label=\u00bbImagen\u00bb src=\u00bbhttps:\/\/encotech.es\/wp-content\/uploads\/2016\/09\/encotech-pasacables-partidos.jpg\u00bb title_text=\u00bbENCODERS\u00bb show_in_lightbox=\u00bboff\u00bb url_new_window=\u00bbon\u00bb use_overlay=\u00bbon\u00bb animation=\u00bbleft\u00bb sticky=\u00bboff\u00bb align=\u00bbleft\u00bb force_fullwidth=\u00bbon\u00bb always_center_on_mobile=\u00bbon\u00bb use_border_color=\u00bbon\u00bb border_color=\u00bb#dddddd\u00bb border_style=\u00bbsolid\u00bb url=\u00bbhttp:\/\/icotek.cat\/productos-icotek\/cable-entry-system\/sistemas-conectorizados?lang=ca\u00bb hover_overlay_color=\u00bbrgba(255,255,255,0.45)\u00bb] [\/et_pb_image][et_pb_text admin_label=\u00bbTexto\u00bb background_layout=\u00bblight\u00bb text_orientation=\u00bbleft\u00bb use_border_color=\u00bboff\u00bb border_color=\u00bb#ffffff\u00bb border_style=\u00bbsolid\u00bb]<\/p>\n<h6>PASSACABLES PARTITS<\/h6>\n<p>[\/et_pb_text][\/et_pb_column][\/et_pb_row][\/et_pb_section]<\/p>\n","protected":false},"excerpt":{"rendered":"<p>ENCODERS MESURA LINEAL INSTRUMENTACI\u00d3 ACCESSORIS ENCODER FONTS D&#8217;ALIMENTACI\u00d3 UPS CONT\u00ccNUA CARREGADORS DE BATERIA CONVERTIDORS AC\/DC DC\/DC PASSACABLES DE MEMBRANA PASSACABLES ATEX APANTALLAMENT EMC PASSACABLES PARTITS<\/p>\n","protected":false},"author":1,"featured_media":0,"parent":0,"menu_order":4,"comment_status":"closed","ping_status":"closed","template":"","meta":{"_et_pb_use_builder":"on","_et_pb_old_content":"","_et_gb_content_width":"","footnotes":""},"class_list":["post-1367","page","type-page","status-publish","hentry"],"_links":{"self":[{"href":"https:\/\/encotech.es\/index.php\/wp-json\/wp\/v2\/pages\/1367","targetHints":{"allow":["GET"]}}],"collection":[{"href":"https:\/\/encotech.es\/index.php\/wp-json\/wp\/v2\/pages"}],"about":[{"href":"https:\/\/encotech.es\/index.php\/wp-json\/wp\/v2\/types\/page"}],"author":[{"embeddable":true,"href":"https:\/\/encotech.es\/index.php\/wp-json\/wp\/v2\/users\/1"}],"replies":[{"embeddable":true,"href":"https:\/\/encotech.es\/index.php\/wp-json\/wp\/v2\/comments?post=1367"}],"version-history":[{"count":16,"href":"https:\/\/encotech.es\/index.php\/wp-json\/wp\/v2\/pages\/1367\/revisions"}],"predecessor-version":[{"id":1474,"href":"https:\/\/encotech.es\/index.php\/wp-json\/wp\/v2\/pages\/1367\/revisions\/1474"}],"wp:attachment":[{"href":"https:\/\/encotech.es\/index.php\/wp-json\/wp\/v2\/media?parent=1367"}],"curies":[{"name":"wp","href":"https:\/\/api.w.org\/{rel}","templated":true}]}}