{"id":261,"date":"2016-09-21T13:15:31","date_gmt":"2016-09-21T13:15:31","guid":{"rendered":"http:\/\/demo.hohnerespana.com\/?page_id=191"},"modified":"2017-04-10T11:57:21","modified_gmt":"2017-04-10T09:57:21","slug":"soporte-tecnico-encotech","status":"publish","type":"page","link":"https:\/\/encotech.es\/index.php\/soporte-tecnico-encotech","title":{"rendered":"Soporte T\u00e9cnico"},"content":{"rendered":"<p>[et_pb_section admin_label=\u00bbsection\u00bb][et_pb_row admin_label=\u00bbFila\u00bb][et_pb_column type=\u00bb4_4&#8243;][et_pb_post_title admin_label=\u00bbT\u00edtulo de publicaci\u00f3n\u00bb title=\u00bbon\u00bb meta=\u00bboff\u00bb author=\u00bbon\u00bb date=\u00bbon\u00bb categories=\u00bbon\u00bb comments=\u00bbon\u00bb featured_image=\u00bbon\u00bb featured_placement=\u00bbbelow\u00bb parallax_effect=\u00bbon\u00bb parallax_method=\u00bbon\u00bb text_orientation=\u00bbleft\u00bb text_color=\u00bbdark\u00bb text_background=\u00bboff\u00bb text_bg_color=\u00bbrgba(255,255,255,0.9)\u00bb module_bg_color=\u00bbrgba(255,255,255,0)\u00bb title_all_caps=\u00bbon\u00bb use_border_color=\u00bboff\u00bb border_color=\u00bb#ffffff\u00bb border_style=\u00bbsolid\u00bb title_font_size=\u00bb34px\u00bb title_line_height=\u00bb1.2em\u00bb custom_margin=\u00bb60px|||\u00bb] [\/et_pb_post_title][\/et_pb_column][\/et_pb_row][et_pb_row admin_label=\u00bbrow\u00bb make_fullwidth=\u00bboff\u00bb use_custom_width=\u00bboff\u00bb width_unit=\u00bbon\u00bb use_custom_gutter=\u00bboff\u00bb padding_mobile=\u00bboff\u00bb custom_margin=\u00bb50px||50px|\u00bb allow_player_pause=\u00bboff\u00bb parallax=\u00bboff\u00bb parallax_method=\u00bboff\u00bb make_equal=\u00bboff\u00bb parallax_1=\u00bboff\u00bb parallax_method_1=\u00bboff\u00bb column_padding_mobile=\u00bbon\u00bb][et_pb_column type=\u00bb1_2&#8243;][et_pb_text admin_label=\u00bbTexto\u00bb background_layout=\u00bblight\u00bb text_orientation=\u00bbleft\u00bb use_border_color=\u00bboff\u00bb border_color=\u00bb#ffffff\u00bb border_style=\u00bbsolid\u00bb text_line_height=\u00bb1em\u00bb custom_css_main_element=\u00bbmargin-bottom:0px;||padding-bottom:0px;\u00bb text_font_size=\u00bb19&#8243; text_text_color=\u00bb#000000&#8243;]<\/p>\n<p>Soporte T\u00e9cnico<\/p>\n<p>[\/et_pb_text][et_pb_image admin_label=\u00bbImagen\u00bb src=\u00bbhttps:\/\/encotech.es\/wp-content\/uploads\/2016\/09\/soporte-tecnico-encotech-e1491818177921.jpg\u00bb show_in_lightbox=\u00bboff\u00bb url_new_window=\u00bboff\u00bb use_overlay=\u00bboff\u00bb animation=\u00bbleft\u00bb sticky=\u00bboff\u00bb align=\u00bbleft\u00bb force_fullwidth=\u00bboff\u00bb always_center_on_mobile=\u00bbon\u00bb use_border_color=\u00bboff\u00bb border_color=\u00bb#ffffff\u00bb border_style=\u00bbsolid\u00bb custom_margin=\u00bb-26px|||\u00bb] [\/et_pb_image][et_pb_text admin_label=\u00bbTexto\u00bb background_layout=\u00bblight\u00bb text_orientation=\u00bbleft\u00bb use_border_color=\u00bboff\u00bb border_color=\u00bb#ffffff\u00bb border_style=\u00bbsolid\u00bb]<\/p>\n<p>Nuestros profesionales son especialistas en los diferentes productos representados.<\/p>\n<p>Desde nuestra oficina t\u00e9cnica podemos asesorarles d\u00e1ndoles soluciones integrales, \u00f3ptimas y personalizadas, manteniendo un contacto directo con nuestros clientes.<\/p>\n<p>Gracias a nuestro equipo y al soporte permanente de nuestras marcas podemos garantizar las mejores soluciones para usted.<\/p>\n<p>[\/et_pb_text][\/et_pb_column][et_pb_column type=\u00bb1_2&#8243;][et_pb_text admin_label=\u00bbTexto\u00bb background_layout=\u00bblight\u00bb text_orientation=\u00bbleft\u00bb use_border_color=\u00bboff\u00bb border_color=\u00bb#ffffff\u00bb border_style=\u00bbsolid\u00bb text_line_height=\u00bb1em\u00bb custom_css_main_element=\u00bbmargin-bottom:0px;||padding-bottom:0px;\u00bb text_font_size=\u00bb19&#8243; text_text_color=\u00bb#000000&#8243;]<\/p>\n<p>Soluciones a medida<\/p>\n<p>[\/et_pb_text][et_pb_image admin_label=\u00bbImagen\u00bb src=\u00bbhttps:\/\/encotech.es\/wp-content\/uploads\/2017\/04\/soluciones-a-medida.jpg\u00bb show_in_lightbox=\u00bboff\u00bb url_new_window=\u00bboff\u00bb use_overlay=\u00bboff\u00bb animation=\u00bbleft\u00bb sticky=\u00bboff\u00bb align=\u00bbleft\u00bb force_fullwidth=\u00bboff\u00bb always_center_on_mobile=\u00bbon\u00bb use_border_color=\u00bboff\u00bb border_color=\u00bb#ffffff\u00bb border_style=\u00bbsolid\u00bb custom_margin=\u00bb-26px|||\u00bb] [\/et_pb_image][et_pb_text admin_label=\u00bbTexto\u00bb background_layout=\u00bblight\u00bb text_orientation=\u00bbleft\u00bb use_border_color=\u00bboff\u00bb border_color=\u00bb#ffffff\u00bb border_style=\u00bbsolid\u00bb]<\/p>\n<p>Si nuestras soluciones \u201cStandard\u201d no satisfacen sus necesidades, nuestros Ingenieros desarrollaran soluciones adaptadas a sus especificaciones, dise\u00f1andolas e implement\u00e1ndolas para conseguir los resultados esperados.<\/p>\n<p>No dude en contactar con Nosotros!!<\/p>\n<p>Tel: +34 93 751 00 77<br \/>\nMail: <a href=\"mailto:info@encotech.es\">info@encotech.es<\/a><\/p>\n<p>[\/et_pb_text][\/et_pb_column][\/et_pb_row][\/et_pb_section]<\/p>\n","protected":false},"excerpt":{"rendered":"<p>Soporte T\u00e9cnico Nuestros profesionales son especialistas en los diferentes productos representados. Desde nuestra oficina t\u00e9cnica podemos asesorarles d\u00e1ndoles soluciones integrales, \u00f3ptimas y personalizadas, manteniendo un contacto directo con nuestros clientes. Gracias a nuestro equipo y al soporte permanente de nuestras marcas podemos garantizar las mejores soluciones para usted. Soluciones a medida Si nuestras soluciones \u201cStandard\u201d [&hellip;]<\/p>\n","protected":false},"author":1,"featured_media":0,"parent":0,"menu_order":2,"comment_status":"closed","ping_status":"closed","template":"","meta":{"_et_pb_use_builder":"on","_et_pb_old_content":"","_et_gb_content_width":"","footnotes":""},"class_list":["post-261","page","type-page","status-publish","hentry"],"_links":{"self":[{"href":"https:\/\/encotech.es\/index.php\/wp-json\/wp\/v2\/pages\/261","targetHints":{"allow":["GET"]}}],"collection":[{"href":"https:\/\/encotech.es\/index.php\/wp-json\/wp\/v2\/pages"}],"about":[{"href":"https:\/\/encotech.es\/index.php\/wp-json\/wp\/v2\/types\/page"}],"author":[{"embeddable":true,"href":"https:\/\/encotech.es\/index.php\/wp-json\/wp\/v2\/users\/1"}],"replies":[{"embeddable":true,"href":"https:\/\/encotech.es\/index.php\/wp-json\/wp\/v2\/comments?post=261"}],"version-history":[{"count":6,"href":"https:\/\/encotech.es\/index.php\/wp-json\/wp\/v2\/pages\/261\/revisions"}],"predecessor-version":[{"id":1345,"href":"https:\/\/encotech.es\/index.php\/wp-json\/wp\/v2\/pages\/261\/revisions\/1345"}],"wp:attachment":[{"href":"https:\/\/encotech.es\/index.php\/wp-json\/wp\/v2\/media?parent=261"}],"curies":[{"name":"wp","href":"https:\/\/api.w.org\/{rel}","templated":true}]}}